{"id":576,"date":"2023-10-16T16:33:26","date_gmt":"2023-10-16T13:33:26","guid":{"rendered":"https:\/\/profsystem.eu\/?post_type=product&#038;p=576"},"modified":"2023-10-16T16:33:26","modified_gmt":"2023-10-16T13:33:26","slug":"kiilto-ultra-fix","status":"publish","type":"product","link":"https:\/\/profsystem.eu\/fi\/tuote\/kiilto-ultra-fix\/","title":{"rendered":"Kiilto Ultra Fix"},"content":{"rendered":"<div id=\"content\" class=\"site-content\" role=\"main\">\n<div id=\"primary\" class=\"primary\">\n<article id=\"post-10592\" class=\"entry wrap post-10592 product type-product status-publish hentry product-cat-ehitus product-cat-tsemendibaasil-plaatimissegud product-cat-plaatimissegu-vuugid-ja-silikoonid\" data-business-units=\"rt\" data-article-type=\"product\">\n<div class=\"single-product__tabs\">\n<div class=\"tabs\">\n<div class=\"tabs__panel\" data-hash-tab=\"product-information\" data-hash-tab-active=\"\">\n<div class=\"single-product__tab-product-info\">\n<div class=\"single-product__tab-product-info-column\">\n<div class=\"product-info\">\n<div class=\"product-info__section\">\n<div class=\"product-info__title\"><strong>K\u00e4ytt\u00f6ala<\/strong><\/div>\n<div class=\"product-info__content\">\n<p class=\" translation-block\">L\u00e4ikkym\u00e4t\u00f6n seos keraamisten ja klinkkerilaattojen sek\u00e4 luonnonkiven asentamiseen vinyyli-, maalatuille ja kaakeloiduille pinnoille ja muille yleisille alustoille sek\u00e4 Kiilto-vedeneristysmastiksilla tai Kiillon kosteussululla k\u00e4sitellyille pinnoille, mukaan lukien esimerkiksi kipsilevy. Sopii my\u00f6s ulkok\u00e4ytt\u00f6\u00f6n. Ei sovellu pysyv\u00e4sti veden alla olevien pintojen laatoittamiseen (esim. uima-altaat). Sopii my\u00f6s l\u00e4mmitetyille lattioille.\nLaatoitettavien pintojen tulee olla puhtaita ja p\u00f6lytt\u00f6mi\u00e4. Poista kosteutta rakastavat viimeistely- ja tasoitusaineet. Kuivat ja imukykyiset pinnat pohjamaalataan laimennetulla Kiilto Start Primer -liimadispersiolla tai kostutetaan vedell\u00e4. Imumaton alusta, kuten rakennuslevy, on pohjustettava laimentamattomalla Kiilto Start Primer -liimadispersiolla. Laatoitaessa vinyyli-, maalattuja ja kaakeloituja alustoja on huolehdittava siit\u00e4, ett\u00e4 pinta on vakaa ja riitt\u00e4v\u00e4n vahva laatoitusta varten ja ett\u00e4 laatoitettava pinta on kunnolla kiinnitetty alustaan. Pese vaha, rasva ja lika pois laatoitettavalta alustalta em\u00e4ksisell\u00e4 puhdistusaineella ja huuhtele hyvin. Kun pinta on kuiva, hio se tarvittaessa ja poista hiontap\u00f6ly. Sammuta lattial\u00e4mmitys n. 24 tuntia ennen laatoitusta.<\/p>\n<\/div>\n<\/div>\n<\/div>\n<\/div>\n<\/div>\n<\/div>\n<div class=\"tabs__tab\"><\/div>\n<\/div>\n<\/div>\n<\/article>\n<\/div>\n<\/div>\n<footer id=\"colophon\" class=\"site-footer\">\n<div class=\"site-footer__container\">\n<div class=\"site-footer__branding\"><img loading=\"lazy\" decoding=\"async\" class=\"alignnone size-medium wp-image-439\" src=\"https:\/\/profsystem.eu\/wp-content\/uploads\/2023\/10\/fix-e1697462443493-300x109.png\" alt=\"\" width=\"300\" height=\"109\" \/><\/div>\n<div class=\"site-footer__column widget-area\" role=\"complementary\">\n<div class=\"footer_column_1\"><\/div>\n<\/div>\n<\/div>\n<\/footer>","protected":false},"excerpt":{"rendered":"<div class=\"single-product__text-header\">\n<div class=\"single-product__title-secondary\"><strong>Elastinen laatoitusseos<\/strong><\/div>\n<\/div>\n<div class=\"entry__content wysiwyg wysiwyg--no-pad wysiwyg--no-margin\">\n<p class=\"is-first-block\"><span>Joustava sementtipohjainen laattoseos keraamisten laattojen, luonnonkiven ja kevytbetonin kiinnitt\u00e4miseen Kiillon vedeneristysmastiksiin, vinyylipinnoitteisiin, vanhoihin laattoihin ja klinkkerilaattoihin tai kaikkiin yleisiin rakennuslaattoihin. Sis\u00e4- ja ulkok\u00e4ytt\u00f6\u00f6n. Sopii l\u00e4mmitetyille lattioille.<\/span><\/p>\n<p class=\"h4\"><strong>Edut ja ominaisuudet<\/strong><\/p>\n<ul>\n<li style=\"list-style-type: none;\">\n<ul>\n<li style=\"list-style-type: none;\">\n<ul>\n<li><span>keraamisten ja klinkkerilaattojen, koriste- ja luonnonkiven kiinnitt\u00e4miseen<\/span><\/li>\n<li><span>huokoisille ja ei-imukykyisille alustoille<\/span><\/li>\n<li><span>C2TE<\/span><\/li>\n<li><span>saumaus: sein\u00e4t 12 tuntia, lattiat 24 tuntia<\/span><\/li>\n<li><span>sopii ulkok\u00e4ytt\u00f6\u00f6n<\/span><\/li>\n<li><span>\u00a0l\u00e4ikkym\u00e4t\u00f6n\u00a0\u00a0\u00a0<\/span><\/li>\n<\/ul>\n<\/li>\n<\/ul>\n<\/li>\n<\/ul>\n<\/div>","protected":false},"featured_media":577,"comment_status":"open","ping_status":"closed","template":"","meta":{"_et_pb_use_builder":"","_et_pb_old_content":"","_et_gb_content_width":""},"product_cat":[38],"product_tag":[],"class_list":{"0":"post-576","1":"product","2":"type-product","3":"status-publish","4":"has-post-thumbnail","6":"product_cat-tiling-compounds","8":"first","9":"instock","10":"shipping-taxable","11":"product-type-simple"},"_links":{"self":[{"href":"https:\/\/profsystem.eu\/fi\/wp-json\/wp\/v2\/product\/576","targetHints":{"allow":["GET"]}}],"collection":[{"href":"https:\/\/profsystem.eu\/fi\/wp-json\/wp\/v2\/product"}],"about":[{"href":"https:\/\/profsystem.eu\/fi\/wp-json\/wp\/v2\/types\/product"}],"replies":[{"embeddable":true,"href":"https:\/\/profsystem.eu\/fi\/wp-json\/wp\/v2\/comments?post=576"}],"wp:featuredmedia":[{"embeddable":true,"href":"https:\/\/profsystem.eu\/fi\/wp-json\/wp\/v2\/media\/577"}],"wp:attachment":[{"href":"https:\/\/profsystem.eu\/fi\/wp-json\/wp\/v2\/media?parent=576"}],"wp:term":[{"taxonomy":"product_cat","embeddable":true,"href":"https:\/\/profsystem.eu\/fi\/wp-json\/wp\/v2\/product_cat?post=576"},{"taxonomy":"product_tag","embeddable":true,"href":"https:\/\/profsystem.eu\/fi\/wp-json\/wp\/v2\/product_tag?post=576"}],"curies":[{"name":"wp","href":"https:\/\/api.w.org\/{rel}","templated":true}]}}