{"id":578,"date":"2023-10-16T16:39:21","date_gmt":"2023-10-16T13:39:21","guid":{"rendered":"https:\/\/profsystem.eu\/?post_type=product&#038;p=578"},"modified":"2023-11-12T13:26:13","modified_gmt":"2023-11-12T10:26:13","slug":"kiilto-fibergum-primer","status":"publish","type":"product","link":"https:\/\/profsystem.eu\/fi\/tuote\/kiilto-fibergum-primer\/","title":{"rendered":"Kiilto Fibergum Primer"},"content":{"rendered":"<div class=\"product-info__title\"><strong>K\u00e4ytt\u00f6ala<\/strong><\/div>\n<div class=\"product-info__content\">\n<p>Liimadispersio sis\u00e4tilojen vedeneristysmastiksiin.<\/p>\n<\/div>\n<p>&nbsp;<\/p>\n<p><strong>K\u00e4ytt\u00f6ohjeet<\/strong><\/p>\n<p class=\" translation-block\">Pohjapinnalta poistetaan sementtiliima, pintap\u00e4\u00e4llystemateriaalien j\u00e4\u00e4m\u00e4t, hiontap\u00f6ly, irtonaiset hiukkaset ja voiteluaineet. Tarvittaessa hio tai karhenna sopivalla ty\u00f6kalulla. Liimadispersio levitet\u00e4\u00e4n pinnalle mahdollisimman ohuena ja tasaisena kerroksena, esimerkiksi siveltimell\u00e4, siveltimell\u00e4 tai telalla. Vedeneristysmasto on rullattava tukevasti alustalle. Ennen vedeneristysmassan levitt\u00e4mist\u00e4 liimadispersiokerroksen tulee olla kuiva. Ennen ty\u00f6n aloittamista tulee tutustua Kiillon vedeneristysty\u00f6ohjeisiin.<\/p>\n<p><img loading=\"lazy\" decoding=\"async\" class=\"alignnone size-medium wp-image-439\" src=\"https:\/\/profsystem.eu\/wp-content\/uploads\/2023\/10\/fix-e1697462443493-300x109.png\" alt=\"\" width=\"300\" height=\"109\" \/><\/p>","protected":false},"excerpt":{"rendered":"<div class=\"single-product__text-header\">\n<div class=\"single-product__title-secondary\"><strong>Liimadispersio vedeneristysmastiksiin<\/strong><\/div>\n<\/div>\n<div class=\"entry__content wysiwyg wysiwyg--no-pad wysiwyg--no-margin\">\n<p class=\"is-first-block\">Tartuntadispersio Kiillon kelluvien vedeneristysmastiksien tarttuvuuden parantamiseen sopiville tasoite-, betoni- ja rakennuslevypinnoille kosteisiin tiloihin. Vesipohjainen.<\/p>\n<p class=\"h4\"><strong>Edut ja ominaisuudet<\/strong><\/p>\n<ul>\n<li>Kiilto vedeneristysmastiks Fibergum liimadispersio<\/li>\n<li>oranssi v\u00e4ri helpottaa k\u00e4ytt\u00f6\u00e4<\/li>\n<li>vesipohjainen<\/li>\n<\/ul>\n<\/div>","protected":false},"featured_media":579,"comment_status":"open","ping_status":"closed","template":"","meta":{"_et_pb_use_builder":"","_et_pb_old_content":"","_et_gb_content_width":""},"product_cat":[39],"product_tag":[],"class_list":{"0":"post-578","1":"product","2":"type-product","3":"status-publish","4":"has-post-thumbnail","6":"product_cat-adhesives","8":"first","9":"instock","10":"shipping-taxable","11":"product-type-simple"},"_links":{"self":[{"href":"https:\/\/profsystem.eu\/fi\/wp-json\/wp\/v2\/product\/578","targetHints":{"allow":["GET"]}}],"collection":[{"href":"https:\/\/profsystem.eu\/fi\/wp-json\/wp\/v2\/product"}],"about":[{"href":"https:\/\/profsystem.eu\/fi\/wp-json\/wp\/v2\/types\/product"}],"replies":[{"embeddable":true,"href":"https:\/\/profsystem.eu\/fi\/wp-json\/wp\/v2\/comments?post=578"}],"wp:featuredmedia":[{"embeddable":true,"href":"https:\/\/profsystem.eu\/fi\/wp-json\/wp\/v2\/media\/579"}],"wp:attachment":[{"href":"https:\/\/profsystem.eu\/fi\/wp-json\/wp\/v2\/media?parent=578"}],"wp:term":[{"taxonomy":"product_cat","embeddable":true,"href":"https:\/\/profsystem.eu\/fi\/wp-json\/wp\/v2\/product_cat?post=578"},{"taxonomy":"product_tag","embeddable":true,"href":"https:\/\/profsystem.eu\/fi\/wp-json\/wp\/v2\/product_tag?post=578"}],"curies":[{"name":"wp","href":"https:\/\/api.w.org\/{rel}","templated":true}]}}