{"id":615,"date":"2023-11-13T21:51:53","date_gmt":"2023-11-13T18:51:53","guid":{"rendered":"https:\/\/profsystem.eu\/?post_type=product&#038;p=615"},"modified":"2023-11-13T21:52:37","modified_gmt":"2023-11-13T18:52:37","slug":"kiilto-kerasafe-foil","status":"publish","type":"product","link":"https:\/\/profsystem.eu\/fi\/tuote\/kiilto-kerasafe-foil\/","title":{"rendered":"Kiilto Kerasafe + Kangas"},"content":{"rendered":"<div class=\"product-info__title\"><strong>K\u00e4ytt\u00f6ala<\/strong><\/div>\n<div class=\"product-info__content\">\n<p>Kiilto KeraSafe+ vedeneristysj\u00e4rjestelm\u00e4n vedeneristyskalvo sis\u00e4tilojen lattioille ja sein\u00e4pinnoille laatoituksen alle. Soveltuvia k\u00e4ytt\u00f6kohteita ovat muun muassa asuinrakennukset, julkisten rakennusten m\u00e4rk\u00e4tilat, koulut ja urheiluhallit.<\/p>\n<p>&nbsp;<\/p>\n<p><strong>K\u00e4ytt\u00f6ohjeet<\/strong><\/p>\n<\/div>\n<div class=\"product-info__content\">\n<p>Kiilto KeraSafe + on elastinen, vesi- ja h\u00f6yrytiivis vedeneristyskalvo. KeraSafe + kalvoa kiinnitett\u00e4ess\u00e4 huoneen, materiaalin ja alustan l\u00e4mp\u00f6tilan tulee olla normaali. Vallitsevat ty\u00f6olosuhteet kuten ilmankosteus ja l\u00e4mp\u00f6tila vaikuttavat oleellisesti tartuntaan, kuivumisaikaan sek\u00e4 vedeneristekalvon mahdolliseen mittamuutokseen. K\u00e4ytett\u00e4ess\u00e4 mattoliimaa kalvon kiinnitt\u00e4miseen tulee pinta laatoittaa 3 vuorokauden kuluessa kalvon asennuksesta. Tutustu ennen ty\u00f6n aloittamista menetelm\u00e4oppaaseen.<\/p>\n<\/div>\n<p><img loading=\"lazy\" decoding=\"async\" class=\"alignnone wp-image-617 size-full\" src=\"https:\/\/profsystem.eu\/wp-content\/uploads\/2023\/11\/Capture.png\" alt=\"\" width=\"422\" height=\"91\" \/><\/p>\n<p>Lue lis\u00e4\u00e4: <a href=\"https:\/\/www.kiilto.fi\/tuote\/kiilto-kerasafe-kangas\" target=\"_blank\" rel=\"noopener\">https:\/\/www.kiilto.fi\/tuote\/kiilto-kerasafe-kangas<\/a><\/p>","protected":false},"excerpt":{"rendered":"<p class=\"is-first-block\">KeraSafe -vedeneristysj\u00e4rjestelm\u00e4n vesi- ja h\u00f6yrytiivis kangas m\u00e4rk\u00e4tilojen vedeneristykseen. Eritt\u00e4in elastinen, kest\u00e4v\u00e4 ja korkean halkeamansiloituskyvyn omaava vedeneristekangas. Vedeneristys voidaan tehd\u00e4 yhdell\u00e4 kerralla laatoitusvalmiiksi ja se on laatoitettavissa jopa tunnissa.<\/p>\n<p>&nbsp;<\/p>\n<p class=\"is-first-block\"><strong>Edut ja ominaisuudet<\/strong><\/p>\n<ul>\n<li>eritt\u00e4in kest\u00e4v\u00e4, korkeimman halkeamasilotuskyvyn omaava, vesih\u00f6yrytiivis,\nkerralla valmis vedeneriste<\/li>\n<li>\u00a0asuinhuoneistojen ja julkisten rakennusten m\u00e4rk\u00e4tiloihin<\/li>\n<li>Kiilto KeraSafe Speed liimalla asennettuna sein\u00e4t laatoitettavissa n. 1 h ja lattiat 2 h kuluttua<\/li>\n<li>useita eri kiinnitysvaihtoehtoja<\/li>\n<li>ETA-hyv\u00e4ksynt\u00e4 ja TG-sertifikaatti<\/li>\n<\/ul>","protected":false},"featured_media":616,"comment_status":"open","ping_status":"closed","template":"","meta":{"_et_pb_use_builder":"","_et_pb_old_content":"","_et_gb_content_width":""},"product_cat":[20],"product_tag":[],"class_list":{"0":"post-615","1":"product","2":"type-product","3":"status-publish","4":"has-post-thumbnail","6":"product_cat-waterproofing","8":"first","9":"instock","10":"shipping-taxable","11":"product-type-simple"},"_links":{"self":[{"href":"https:\/\/profsystem.eu\/fi\/wp-json\/wp\/v2\/product\/615","targetHints":{"allow":["GET"]}}],"collection":[{"href":"https:\/\/profsystem.eu\/fi\/wp-json\/wp\/v2\/product"}],"about":[{"href":"https:\/\/profsystem.eu\/fi\/wp-json\/wp\/v2\/types\/product"}],"replies":[{"embeddable":true,"href":"https:\/\/profsystem.eu\/fi\/wp-json\/wp\/v2\/comments?post=615"}],"wp:featuredmedia":[{"embeddable":true,"href":"https:\/\/profsystem.eu\/fi\/wp-json\/wp\/v2\/media\/616"}],"wp:attachment":[{"href":"https:\/\/profsystem.eu\/fi\/wp-json\/wp\/v2\/media?parent=615"}],"wp:term":[{"taxonomy":"product_cat","embeddable":true,"href":"https:\/\/profsystem.eu\/fi\/wp-json\/wp\/v2\/product_cat?post=615"},{"taxonomy":"product_tag","embeddable":true,"href":"https:\/\/profsystem.eu\/fi\/wp-json\/wp\/v2\/product_tag?post=615"}],"curies":[{"name":"wp","href":"https:\/\/api.w.org\/{rel}","templated":true}]}}