{"id":620,"date":"2023-11-13T22:06:40","date_gmt":"2023-11-13T19:06:40","guid":{"rendered":"https:\/\/profsystem.eu\/?post_type=product&#038;p=620"},"modified":"2023-11-13T22:06:40","modified_gmt":"2023-11-13T19:06:40","slug":"kiilto-pro-acryl","status":"publish","type":"product","link":"https:\/\/profsystem.eu\/fi\/tuote\/kiilto-pro-acryl\/","title":{"rendered":"Kiilto Pro Acryl"},"content":{"rendered":"<div class=\"product-info__title\"><strong>K\u00e4ytt\u00f6ala<\/strong><\/div>\n<div class=\"product-info__content\">\n<p>Kiilto Acryl on yksikomponenttinen akryylimassa saumoihin ja tiivistykseen. Soveltuu esimerkiksi ovien ja ikkunoiden kehysten ja muiden rakenteiden v\u00e4lisiin saumoihin sek\u00e4 erilaisten nurkkien, saumojen ja sis\u00e4verhouslevyjen saumoihin, ja halkeamien korjauksiin. Voidaan maalata. T\u00e4ytt\u00e4\u00e4 tuotestandardin EN 15651-1:2012 vaatimukset.<\/p>\n<\/div>\n<p>&nbsp;<\/p>\n<div class=\"product-info__title\"><strong>K\u00e4ytt\u00f6ohjeet<\/strong><\/div>\n<div class=\"product-info__content\">\n<p>Saumausalustan on oltava kuiva, p\u00f6lyt\u00f6n ja rasvaton. Sauman pohjat\u00e4ytteen\u00e4 voi k\u00e4ytt\u00e4\u00e4 umpisoluista muoviprofiilia.<\/p>\n<p>Leikkaa patruunan p\u00e4\u00e4ss\u00e4 oleva kartio auki. Kierr\u00e4 pursotusk\u00e4rki paikoilleen ja katkaise se halutun kokoiseksi. Saumausalustan on oltava p\u00f6lyt\u00f6n ja rasvaton. Purista massa saumaan ja tasoita se v\u00e4litt\u00f6m\u00e4sti kostutetulla lastalla tai sormenp\u00e4\u00e4ll\u00e4.<\/p>\n<p><img loading=\"lazy\" decoding=\"async\" class=\"alignnone size-medium wp-image-475\" src=\"https:\/\/profsystem.eu\/wp-content\/uploads\/2023\/10\/Kiilto-J-Certificates-e1697441035467-300x82.png\" alt=\"\" width=\"300\" height=\"82\" \/><\/p>\n<p>Lue lis\u00e4\u00e4: <a href=\"https:\/\/www.kiilto.fi\/tuote\/kiilto-acryl-akryylimassa\" target=\"_blank\" rel=\"noopener\">https:\/\/www.kiilto.fi\/tuote\/kiilto-acryl-akryylimassa<\/a><\/p>\n<\/div>","protected":false},"excerpt":{"rendered":"<div class=\"single-product__text-header\">\n<div class=\"single-product__title-secondary\"><strong>Akryylimassa<\/strong><\/div>\n<\/div>\n<div class=\"entry__content wysiwyg wysiwyg--no-pad wysiwyg--no-margin\">\n<p class=\"is-first-block\">V\u00e4h\u00e4emissioinen M1-luokiteltu tiivistysaine. Rakenteiden v\u00e4listen saumojen tiivistyksiin. Sopii my\u00f6s sis\u00e4pintojen halkeamien korjauksiin. Maalattavissa, kellastumaton. Soveltuu ulos, kun maalataan p\u00e4\u00e4lle.<\/p>\n<p class=\"is-first-block\"><strong>Edut ja ominaisuudet<\/strong><\/p>\n<ul>\n<li>M1-luokiteltu tiivistysaine, kellastumaton, vesiohenteinen<\/li>\n<li>\u00a0Tiivistykset<\/li>\n<li>\u00a0Riittoisuus 5 x 5 mm saumaa, n. 12 m\/patruuna<\/li>\n<li>\u00a0P\u00f6lykuiva 20-30 min\/+20 \u00b0C, p\u00e4\u00e4llemaalattavissa 1 vrk:n kuluttua<\/li>\n<li>\u00a0Kuivat sis\u00e4tilat, p\u00e4\u00e4llemaalattuna my\u00f6s ulos<\/li>\n<\/ul>\n<\/div>","protected":false},"featured_media":621,"comment_status":"open","ping_status":"closed","template":"","meta":{"_et_pb_use_builder":"","_et_pb_old_content":"","_et_gb_content_width":""},"product_cat":[32],"product_tag":[],"class_list":{"0":"post-620","1":"product","2":"type-product","3":"status-publish","4":"has-post-thumbnail","6":"product_cat-adhesive-sealants","8":"first","9":"instock","10":"shipping-taxable","11":"product-type-simple"},"_links":{"self":[{"href":"https:\/\/profsystem.eu\/fi\/wp-json\/wp\/v2\/product\/620","targetHints":{"allow":["GET"]}}],"collection":[{"href":"https:\/\/profsystem.eu\/fi\/wp-json\/wp\/v2\/product"}],"about":[{"href":"https:\/\/profsystem.eu\/fi\/wp-json\/wp\/v2\/types\/product"}],"replies":[{"embeddable":true,"href":"https:\/\/profsystem.eu\/fi\/wp-json\/wp\/v2\/comments?post=620"}],"wp:featuredmedia":[{"embeddable":true,"href":"https:\/\/profsystem.eu\/fi\/wp-json\/wp\/v2\/media\/621"}],"wp:attachment":[{"href":"https:\/\/profsystem.eu\/fi\/wp-json\/wp\/v2\/media?parent=620"}],"wp:term":[{"taxonomy":"product_cat","embeddable":true,"href":"https:\/\/profsystem.eu\/fi\/wp-json\/wp\/v2\/product_cat?post=620"},{"taxonomy":"product_tag","embeddable":true,"href":"https:\/\/profsystem.eu\/fi\/wp-json\/wp\/v2\/product_tag?post=620"}],"curies":[{"name":"wp","href":"https:\/\/api.w.org\/{rel}","templated":true}]}}